{"id":153,"date":"2018-11-15T14:27:28","date_gmt":"2018-11-15T13:27:28","guid":{"rendered":"http:\/\/poplar.sk\/?page_id=153"},"modified":"2024-11-13T14:41:08","modified_gmt":"2024-11-13T13:41:08","slug":"kontakt","status":"publish","type":"page","link":"https:\/\/poplar.sk\/hu\/kontakt\/","title":{"rendered":"\u00c9rintkez\u00e9s"},"content":{"rendered":"<p>[spb_row element_name=&#8221;Row&#8221; wrap_type=&#8221;full-width-contained&#8221; row_bg_type=&#8221;color&#8221; row_bg_color=&#8221;#edf0f5&#8243; color_row_height=&#8221;content-height&#8221; bg_type=&#8221;cover&#8221; parallax_image_height=&#8221;content-height&#8221; parallax_image_movement=&#8221;fixed&#8221; parallax_image_speed=&#8221;standard&#8221; bg_video_loop=&#8221;yes&#8221; parallax_video_height=&#8221;window-height&#8221; row_top_style=&#8221;none&#8221; row_bottom_style=&#8221;none&#8221; parallax_video_overlay=&#8221;none&#8221; row_overlay_opacity=&#8221;0&#8243; remove_element_spacing=&#8221;no&#8221; row_col_spacing=&#8221;0&#8243; row_col_pos=&#8221;center&#8221; row_col_content_pos=&#8221;center&#8221; row_col_equal_heights=&#8221;yes&#8221; row_expanding=&#8221;no&#8221; row_animation=&#8221;none&#8221; row_animation_delay=&#8221;0&#8243; minimize_row=&#8221;no&#8221; simplified_controls=&#8221;yes&#8221; custom_css_percentage=&#8221;no&#8221; custom_css=&#8221;margin-top: 0px;margin-bottom: 0px;&#8221; border_styling_global=&#8221;default&#8221; width=&#8221;1\/1&#8243; el_position=&#8221;first last&#8221;] [spb_column col_sm=&#8221;4&#8243; padding_horizontal=&#8221;0&#8243; width=&#8221;1\/3&#8243; el_position=&#8221;first&#8221;] [spb_blank_spacer height=&#8221;120px&#8221; width=&#8221;1\/1&#8243; el_position=&#8221;first last&#8221;] [spb_boxed_content type=&#8221;coloured&#8221; box_link_target=&#8221;_self&#8221; padding_vertical=&#8221;0&#8243; padding_horizontal=&#8221;0&#8243; width=&#8221;1\/1&#8243; el_position=&#8221;first last&#8221;]\n<h1>Ubytov\u0148a Poplar<\/h1>\n<p>Budovate\u013esk\u00e1 528, \u0160a\u013ea<br \/>\n<a class=\"poplar_kontakt\" href=\"callto:+421 905 499 995\">+421 905 499 995<\/a><br \/>\n<a class=\"poplar_kontakt\" href=\"callto:+421 918 710 617\">+421 918 710 617<\/a><\/p>\n<p><a class=\"poplar_kontakt\" href=\"mailto:sona.wollnerova@menert.sk\">sona.wollnerova@menert.sk<\/a><br \/>\n<a class=\"poplar_kontakt\" href=\"mailto:alzbeta.babosova@menert.sk\">alzbeta.babosova@menert.sk<\/a><\/p>\n<a class=\"sf-button mega accent default  sf-button-rounded\" href=\"https:\/\/www.google.sk\/maps\/place\/Budovate%C4%BEsk%C3%A1,+927+01+%C5%A0a%C4%BEa\/@48.1486177,17.8736251,17z\/data=!3m1!4b1!4m5!3m4!1s0x476b6d1221ed72e7:0x5d68bfa99988ee4d!8m2!3d48.148596!4d17.875718\" target=\"_blank\" rel=\"\"><span class=\"text\">Google maps<\/span><\/a>\n[\/spb_boxed_content] [spb_blank_spacer height=&#8221;120px&#8221; width=&#8221;1\/1&#8243; el_position=&#8221;first last&#8221;] [\/spb_column] [spb_column col_sm=&#8221;4&#8243; padding_horizontal=&#8221;0&#8243; width=&#8221;1\/3&#8243;] [spb_blank_spacer height=&#8221;120px&#8221; width=&#8221;1\/1&#8243; el_position=&#8221;first last&#8221;] [spb_boxed_content type=&#8221;coloured&#8221; box_link_target=&#8221;_self&#8221; padding_vertical=&#8221;0&#8243; padding_horizontal=&#8221;0&#8243; width=&#8221;1\/1&#8243; el_position=&#8221;first last&#8221;]\n<h1>Ubytov\u0148a<br \/>\n\u010cerven\u00fd k\u00fatik<\/h1>\n<p>Kuku\u010d\u00ednova 4, \u0160a\u013ea<br \/>\n<a class=\"poplar_kontakt\" href=\"callto:+421 918 710 617\">+421 918 710 617<\/a><\/p>\n<p><a class=\"poplar_kontakt\" href=\"mailto:alzbeta.babosova@menert.sk\">alzbeta.babosova@menert.sk<\/a><\/p>\n<a class=\"sf-button mega accent default  sf-button-rounded\" href=\"https:\/\/www.google.sk\/maps\/place\/Kuku%C4%8D%C3%ADnova+530%2F4,+927+01+%C5%A0a%C4%BEa\/@48.1483828,17.8752524,17z\/data=!3m1!4b1!4m5!3m4!1s0x476b6d13d48dafe9:0xe15e8ec9c1b44823!8m2!3d48.1483792!4d17.8774464\" target=\"_blank\" rel=\"\"><span class=\"text\">Google maps<\/span><\/a>\n[\/spb_boxed_content] [spb_blank_spacer height=&#8221;120px&#8221; width=&#8221;1\/1&#8243; el_position=&#8221;first last&#8221;] [\/spb_column] [spb_column col_sm=&#8221;4&#8243; padding_horizontal=&#8221;0&#8243; width=&#8221;1\/3&#8243; el_position=&#8221;last&#8221;] [spb_raw_html width=&#8221;1\/1&#8243; el_position=&#8221;first last&#8221;]JTNDaWZyYW1lJTIwc3JjJTNEJTIyaHR0cHMlM0ElMkYlMkZ3d3cuZ29vZ2xlLmNvbSUyRm1hcHMlMkZkJTJGZW1iZWQlM0ZtaWQlM0QxQnpyY25VY1JuOWlYQUtBUnJqbEtFTkEzLThNX0MxV3AlMjIlMjB3aWR0aCUzRCUyMjIxMCUyMiUyMGhlaWdodCUzRCUyMjIyMCUyMiUzRSUzQyUyRmlmcmFtZSUzRQ==[\/spb_raw_html] [\/spb_column] [\/spb_row] [spb_row element_name=&#8221;Row&#8221; wrap_type=&#8221;full-width-contained&#8221; row_bg_type=&#8221;color&#8221; row_bg_color=&#8221;#091927&#8243; color_row_height=&#8221;content-height&#8221; bg_type=&#8221;cover&#8221; parallax_image_height=&#8221;content-height&#8221; parallax_image_movement=&#8221;fixed&#8221; parallax_image_speed=&#8221;standard&#8221; bg_video_loop=&#8221;yes&#8221; parallax_video_height=&#8221;window-height&#8221; row_top_style=&#8221;none&#8221; row_bottom_style=&#8221;none&#8221; parallax_video_overlay=&#8221;none&#8221; row_overlay_opacity=&#8221;0&#8243; remove_element_spacing=&#8221;no&#8221; row_col_spacing=&#8221;0&#8243; row_col_pos=&#8221;default&#8221; row_col_equal_heights=&#8221;no&#8221; row_expanding=&#8221;no&#8221; row_animation=&#8221;none&#8221; row_animation_delay=&#8221;0&#8243; minimize_row=&#8221;no&#8221; simplified_controls=&#8221;yes&#8221; custom_css_percentage=&#8221;no&#8221; custom_css=&#8221;margin-top: 0px;margin-bottom: 0px;&#8221; border_styling_global=&#8221;default&#8221; width=&#8221;1\/1&#8243; el_position=&#8221;first last&#8221;] [spb_blank_spacer height=&#8221;90px&#8221; width=&#8221;1\/1&#8243; el_position=&#8221;first last&#8221;] [spb_column col_sm=&#8221;6&#8243; padding_horizontal=&#8221;0&#8243; width=&#8221;1\/2&#8243; el_position=&#8221;first&#8221;] [spb_boxed_content type=&#8221;coloured&#8221; box_link_target=&#8221;_self&#8221; padding_vertical=&#8221;0&#8243; padding_horizontal=&#8221;0&#8243; width=&#8221;2\/3&#8243; el_position=&#8221;first last&#8221;]\n<h4>M\u00e1te ot\u00e1zky?<\/h4>\n<p>Na zlep\u0161enie na\u0161ich slu\u017eieb priv\u00edtame va\u0161e podnety, s\u0165a\u017enosti a ot\u00e1zky t\u00fdkaj\u00face sa na\u0161ich ubytovac\u00edch priestorov.<\/p>\n[\/spb_boxed_content] [\/spb_column] [spb_column col_sm=&#8221;6&#8243; padding_horizontal=&#8221;0&#8243; width=&#8221;1\/2&#8243; el_position=&#8221;last&#8221;] [spb_boxed_content type=&#8221;coloured&#8221; box_link_target=&#8221;_self&#8221; padding_vertical=&#8221;0&#8243; padding_horizontal=&#8221;0&#8243; width=&#8221;1\/1&#8243; el_position=&#8221;first last&#8221;]\n<h4>Kontaktn\u00fd formul\u00e1r<\/h4>\n\n<div class=\"wpcf7 no-js\" id=\"wpcf7-f165-o6\" lang=\"sk-SK\" dir=\"ltr\" data-wpcf7-id=\"165\">\n<div class=\"screen-reader-response\"><p role=\"status\" aria-live=\"polite\" aria-atomic=\"true\"><\/p> <ul><\/ul><\/div>\n<form action=\"\/hu\/wp-json\/wp\/v2\/pages\/153#wpcf7-f165-o6\" method=\"post\" class=\"wpcf7-form init\" aria-label=\"Kontaktn\u00fd formul\u00e1r\" novalidate=\"novalidate\" data-status=\"init\">\n<fieldset class=\"hidden-fields-container\"><input type=\"hidden\" name=\"_wpcf7\" value=\"165\" \/><input type=\"hidden\" name=\"_wpcf7_version\" value=\"6.1.3\" \/><input type=\"hidden\" name=\"_wpcf7_locale\" value=\"sk_SK\" \/><input type=\"hidden\" name=\"_wpcf7_unit_tag\" value=\"wpcf7-f165-o6\" \/><input type=\"hidden\" name=\"_wpcf7_container_post\" value=\"0\" \/><input type=\"hidden\" name=\"_wpcf7_posted_data_hash\" value=\"\" \/>\n<\/fieldset>\n<div class=\"row\">\n\t<div class=\"col-lg-6\">\n\t\t<p><span class=\"wpcf7-form-control-wrap\" data-name=\"meno-priezvisko\"><input size=\"40\" maxlength=\"400\" class=\"wpcf7-form-control wpcf7-text wpcf7-validates-as-required\" aria-required=\"true\" aria-invalid=\"false\" placeholder=\"Meno a priezvisko\" value=\"\" type=\"text\" name=\"meno-priezvisko\" \/><\/span><br \/>\n<span class=\"wpcf7-form-control-wrap\" data-name=\"spolocnost\"><input size=\"40\" maxlength=\"400\" class=\"wpcf7-form-control wpcf7-text\" aria-invalid=\"false\" placeholder=\"Predmet\" value=\"\" type=\"text\" name=\"spolocnost\" \/><\/span><br \/>\n<span class=\"wpcf7-form-control-wrap\" data-name=\"email\"><input size=\"40\" maxlength=\"400\" class=\"wpcf7-form-control wpcf7-email wpcf7-validates-as-required wpcf7-text wpcf7-validates-as-email\" aria-required=\"true\" aria-invalid=\"false\" placeholder=\"Emailov\u00e1 adresa\" value=\"\" type=\"email\" name=\"email\" \/><\/span>\n\t\t<\/p>\n\t<\/div>\n\t<div class=\"col-lg-6\">\n\t\t<p><span class=\"wpcf7-form-control-wrap\" data-name=\"text-spravy\"><textarea cols=\"40\" rows=\"10\" maxlength=\"2000\" class=\"wpcf7-form-control wpcf7-textarea\" aria-invalid=\"false\" placeholder=\"Text spr\u00e1vy\" name=\"text-spravy\"><\/textarea><\/span>\n\t\t<\/p>\n\t\t<p><input class=\"wpcf7-form-control wpcf7-submit has-spinner\" type=\"submit\" value=\"ODOSLA\u0164 SPR\u00c1VU\" \/>\n\t\t<\/p>\n\t<\/div>\n<\/div><div class=\"wpcf7-response-output\" aria-hidden=\"true\"><\/div>\n<\/form>\n<\/div>\n\n[\/spb_boxed_content] [\/spb_column] [\/spb_row]<\/p>","protected":false},"excerpt":{"rendered":"<p>[spb_row element_name=&#8221;Row&#8221; wrap_type=&#8221;full-width-contained&#8221; row_bg_type=&#8221;color&#8221; row_bg_color=&#8221;#edf0f5&#8243; color_row_height=&#8221;content-height&#8221; bg_type=&#8221;cover&#8221; parallax_image_height=&#8221;content-height&#8221; parallax_image_movement=&#8221;fixed&#8221; parallax_image_speed=&#8221;standard&#8221; bg_video_loop=&#8221;yes&#8221; parallax_video_height=&#8221;window-height&#8221; row_top_style=&#8221;none&#8221; row_bottom_style=&#8221;none&#8221; parallax_video_overlay=&#8221;none&#8221; row_overlay_opacity=&#8221;0&#8243; remove_element_spacing=&#8221;no&#8221; row_col_spacing=&#8221;0&#8243; row_col_pos=&#8221;center&#8221; row_col_content_pos=&#8221;center&#8221; row_col_equal_heights=&#8221;yes&#8221; row_expanding=&#8221;no&#8221; row_animation=&#8221;none&#8221; row_animation_delay=&#8221;0&#8243; minimize_row=&#8221;no&#8221; simplified_controls=&#8221;yes&#8221; custom_css_percentage=&#8221;no&#8221; custom_css=&#8221;margin-top: 0px;margin-bottom: 0px;&#8221; border_styling_global=&#8221;default&#8221; width=&#8221;1\/1&#8243; el_position=&#8221;first last&#8221;] [spb_column col_sm=&#8221;4&#8243; padding_horizontal=&#8221;0&#8243; width=&#8221;1\/3&#8243; el_position=&#8221;first&#8221;] [spb_blank_spacer height=&#8221;120px&#8221; width=&#8221;1\/1&#8243; el_position=&#8221;first last&#8221;] [spb_boxed_content type=&#8221;coloured&#8221; box_link_target=&#8221;_self&#8221; padding_vertical=&#8221;0&#8243; padding_horizontal=&#8221;0&#8243; width=&#8221;1\/1&#8243; el_position=&#8221;first last&#8221;] Ubytov\u0148a Poplar Budovate\u013esk\u00e1 528, \u0160a\u013ea +421 905 499 [&hellip;]<\/p>\n","protected":false},"author":1,"featured_media":0,"parent":0,"menu_order":0,"comment_status":"closed","ping_status":"closed","template":"","meta":{"footnotes":""},"class_list":["post-153","page","type-page","status-publish","hentry"],"_links":{"self":[{"href":"https:\/\/poplar.sk\/hu\/wp-json\/wp\/v2\/pages\/153","targetHints":{"allow":["GET"]}}],"collection":[{"href":"https:\/\/poplar.sk\/hu\/wp-json\/wp\/v2\/pages"}],"about":[{"href":"https:\/\/poplar.sk\/hu\/wp-json\/wp\/v2\/types\/page"}],"author":[{"embeddable":true,"href":"https:\/\/poplar.sk\/hu\/wp-json\/wp\/v2\/users\/1"}],"replies":[{"embeddable":true,"href":"https:\/\/poplar.sk\/hu\/wp-json\/wp\/v2\/comments?post=153"}],"version-history":[{"count":33,"href":"https:\/\/poplar.sk\/hu\/wp-json\/wp\/v2\/pages\/153\/revisions"}],"predecessor-version":[{"id":627,"href":"https:\/\/poplar.sk\/hu\/wp-json\/wp\/v2\/pages\/153\/revisions\/627"}],"wp:attachment":[{"href":"https:\/\/poplar.sk\/hu\/wp-json\/wp\/v2\/media?parent=153"}],"curies":[{"name":"wp","href":"https:\/\/api.w.org\/{rel}","templated":true}]}}