{"id":114,"date":"2018-11-14T10:36:50","date_gmt":"2018-11-14T09:36:50","guid":{"rendered":"http:\/\/poplar.sk\/?page_id=114"},"modified":"2024-10-01T16:35:29","modified_gmt":"2024-10-01T14:35:29","slug":"ubytovna-cerveny-kutik","status":"publish","type":"page","link":"https:\/\/poplar.sk\/hu\/ubytovna-cerveny-kutik\/","title":{"rendered":"\u010cerven\u00fd k\u00fatik Sz\u00e1ll\u00f3"},"content":{"rendered":"<p>[spb_swift_slider fullscreen=&#8221;false&#8221; maxheight=&#8221;600&#8243; slidecount=&#8221;5&#8243; category=&#8221;cervenykutik&#8221; random=&#8221;no&#8221; transition=&#8221;slide&#8221; loop=&#8221;false&#8221; nav=&#8221;false&#8221; pagination=&#8221;false&#8221; continue=&#8221;false&#8221; fullwidth=&#8221;yes&#8221; width=&#8221;1\/1&#8243; el_position=&#8221;first last&#8221;] [spb_row element_name=&#8221;Row&#8221; wrap_type=&#8221;full-width-contained&#8221; row_bg_type=&#8221;color&#8221; row_bg_color=&#8221;#edf0f5&#8243; color_row_height=&#8221;content-height&#8221; bg_type=&#8221;cover&#8221; parallax_image_height=&#8221;content-height&#8221; parallax_image_movement=&#8221;fixed&#8221; parallax_image_speed=&#8221;standard&#8221; bg_video_loop=&#8221;yes&#8221; parallax_video_height=&#8221;window-height&#8221; row_id=&#8221;poplar-content&#8221; row_top_style=&#8221;none&#8221; row_bottom_style=&#8221;none&#8221; parallax_video_overlay=&#8221;none&#8221; row_overlay_opacity=&#8221;0&#8243; remove_element_spacing=&#8221;no&#8221; row_col_spacing=&#8221;0&#8243; row_col_pos=&#8221;center&#8221; row_col_content_pos=&#8221;center&#8221; row_col_equal_heights=&#8221;yes&#8221; row_expanding=&#8221;no&#8221; row_animation=&#8221;none&#8221; row_animation_delay=&#8221;0&#8243; minimize_row=&#8221;no&#8221; simplified_controls=&#8221;yes&#8221; custom_css_percentage=&#8221;no&#8221; custom_css=&#8221;margin-top: 0px;margin-bottom: 0px;&#8221; border_styling_global=&#8221;default&#8221; width=&#8221;1\/1&#8243; el_position=&#8221;first last&#8221;] [spb_column col_sm=&#8221;6&#8243; padding_horizontal=&#8221;0&#8243; width=&#8221;1\/2&#8243; el_position=&#8221;first&#8221;] [spb_boxed_content type=&#8221;coloured&#8221; box_link_target=&#8221;_self&#8221; padding_vertical=&#8221;0&#8243; padding_horizontal=&#8221;0&#8243; width=&#8221;1\/1&#8243; el_position=&#8221;first last&#8221;]\n<p><img loading=\"lazy\" decoding=\"async\" class=\"wp-image-115 size-full alignleft\" src=\"http:\/\/poplar.sk\/wp-content\/uploads\/2018\/11\/cervenykutik.png\" alt=\"\" width=\"412\" height=\"412\" srcset=\"https:\/\/poplar.sk\/wp-content\/uploads\/2018\/11\/cervenykutik.png 412w, https:\/\/poplar.sk\/wp-content\/uploads\/2018\/11\/cervenykutik-150x150.png 150w, https:\/\/poplar.sk\/wp-content\/uploads\/2018\/11\/cervenykutik-300x300.png 300w\" sizes=\"auto, (max-width: 412px) 100vw, 412px\" \/><\/p>\n[\/spb_boxed_content] [\/spb_column] [spb_column col_sm=&#8221;6&#8243; padding_horizontal=&#8221;0&#8243; width=&#8221;1\/2&#8243; el_position=&#8221;last&#8221;] [spb_blank_spacer height=&#8221;120px&#8221; width=&#8221;1\/1&#8243; el_position=&#8221;first last&#8221;] [spb_boxed_content type=&#8221;coloured&#8221; box_link_target=&#8221;_self&#8221; padding_vertical=&#8221;0&#8243; padding_horizontal=&#8221;0&#8243; width=&#8221;1\/1&#8243; el_position=&#8221;first last&#8221;]\n<h1><strong>\u010cerven\u00fd k\u00fatik Sz\u00e1ll\u00f3<\/strong><\/h1>\n<p><strong>A \u010cerven\u00fd k\u00fatik Sz\u00e1ll\u00f3<\/strong> csendes k\u00f6rnyezetben helyezkedik el a\u00a0gyalogos \u00f6vezet k\u00f6zel\u00e9ben, t\u00f6megk\u00f6zleked\u00e9s meg\u00e1ll\u00f3ja 100 m tal\u00e1lhat\u00f3. S\u00e9tat\u00e1vols\u00e1gra \u00e9lelmiszerboltok \u2013 Jednota, Lidl, Kaufland \u2013, valamint egy\u00e9b szolg\u00e1ltat\u00e1sok is el\u00e9rhet\u0151ek<\/p>\n<p><strong>F\u00e9r\u0151helyek sz\u00e1ma <\/strong>\u00a0&#8211; 13 szob\u00e1ban 30 \u00e1gy, k\u00e9t- \u00e9s t\u00f6bb\u00e1gyas szob\u00e1kban<\/p>\n<p><strong>Berendez\u00e9sek <\/strong>&#8211; teljes k\u00f6r\u0171en berendezett konyha (h\u0171t\u0151, mikrohull\u00e1m\u00fa s\u00fct\u0151, villanyt\u0171zhely s\u00fct\u0151vel), teljes k\u00f6r\u0171en berendezett szob\u00e1k<\/p>\n<p><strong>Egy\u00e9b felszerelts\u00e9g <\/strong>\u2013 ingyenes Wifi hozz\u00e1f\u00e9r\u00e9s, TV a\u00a0k\u00f6z\u00f6s helyis\u00e9gben<\/p>\n<p><strong>Parkol\u00e1s<\/strong> &#8211; ingyenes a\u00a0sz\u00e1ll\u00f3 udvar\u00e1n<\/p>\n[\/spb_boxed_content] [spb_blank_spacer height=&#8221;120px&#8221; width=&#8221;1\/1&#8243; el_position=&#8221;first last&#8221;] [\/spb_column] [\/spb_row] [spb_row element_name=&#8221;Row&#8221; wrap_type=&#8221;full-width-contained&#8221; row_bg_type=&#8221;color&#8221; row_bg_color=&#8221;#ffffff&#8221; color_row_height=&#8221;content-height&#8221; bg_type=&#8221;cover&#8221; parallax_image_height=&#8221;content-height&#8221; parallax_image_movement=&#8221;fixed&#8221; parallax_image_speed=&#8221;standard&#8221; bg_video_loop=&#8221;yes&#8221; parallax_video_height=&#8221;window-height&#8221; row_top_style=&#8221;none&#8221; row_bottom_style=&#8221;none&#8221; parallax_video_overlay=&#8221;none&#8221; row_overlay_opacity=&#8221;0&#8243; remove_element_spacing=&#8221;no&#8221; row_col_spacing=&#8221;0&#8243; row_col_pos=&#8221;default&#8221; row_col_equal_heights=&#8221;no&#8221; row_expanding=&#8221;no&#8221; row_animation=&#8221;none&#8221; row_animation_delay=&#8221;0&#8243; minimize_row=&#8221;no&#8221; simplified_controls=&#8221;yes&#8221; custom_css_percentage=&#8221;no&#8221; custom_css=&#8221;margin-top: 0px;margin-bottom: 0px;&#8221; border_styling_global=&#8221;default&#8221; width=&#8221;1\/1&#8243; el_position=&#8221;first last&#8221;] [spb_blank_spacer height=&#8221;120px&#8221; width=&#8221;1\/1&#8243; el_position=&#8221;first last&#8221;] [spb_boxed_content type=&#8221;coloured&#8221; box_link_target=&#8221;_self&#8221; padding_vertical=&#8221;0&#8243; padding_horizontal=&#8221;0&#8243; width=&#8221;1\/1&#8243; el_position=&#8221;first last&#8221;]\n<h3 style=\"text-align: center;\">K\u00e9pgal\u00e9ria<\/h3>\n[\/spb_boxed_content] [spb_blank_spacer height=&#8221;40px&#8221; width=&#8221;1\/1&#8243; el_position=&#8221;first last&#8221;] [spb_portfolio_carousel item_count=&#8221;12&#8243; item_columns=&#8221;3&#8243; fullwidth=&#8221;no&#8221; gutters=&#8221;yes&#8221; category=&#8221;cerveny-kutik&#8221; width=&#8221;1\/1&#8243; el_position=&#8221;first last&#8221;] [spb_blank_spacer height=&#8221;90px&#8221; width=&#8221;1\/1&#8243; el_position=&#8221;first last&#8221;] [\/spb_row] [spb_row element_name=&#8221;Row&#8221; wrap_type=&#8221;full-width-contained&#8221; row_bg_type=&#8221;color&#8221; row_bg_color=&#8221;#edf0f5&#8243; color_row_height=&#8221;content-height&#8221; bg_type=&#8221;cover&#8221; parallax_image_height=&#8221;content-height&#8221; parallax_image_movement=&#8221;fixed&#8221; parallax_image_speed=&#8221;standard&#8221; bg_video_loop=&#8221;yes&#8221; parallax_video_height=&#8221;window-height&#8221; row_id=&#8221;cenn\u00edk&#8221; row_top_style=&#8221;none&#8221; row_bottom_style=&#8221;none&#8221; parallax_video_overlay=&#8221;none&#8221; row_overlay_opacity=&#8221;0&#8243; remove_element_spacing=&#8221;no&#8221; row_col_spacing=&#8221;0&#8243; row_col_pos=&#8221;default&#8221; row_col_equal_heights=&#8221;no&#8221; row_expanding=&#8221;no&#8221; row_animation=&#8221;none&#8221; row_animation_delay=&#8221;0&#8243; minimize_row=&#8221;no&#8221; simplified_controls=&#8221;yes&#8221; custom_css_percentage=&#8221;no&#8221; custom_css=&#8221;margin-top: 0px;margin-bottom: 0px;&#8221; border_styling_global=&#8221;default&#8221; width=&#8221;1\/1&#8243; el_position=&#8221;first last&#8221;] [spb_blank_spacer height=&#8221;90px&#8221; width=&#8221;1\/1&#8243; el_position=&#8221;first last&#8221;] [spb_boxed_content type=&#8221;coloured&#8221; box_link_target=&#8221;_self&#8221; padding_vertical=&#8221;0&#8243; padding_horizontal=&#8221;0&#8243; width=&#8221;1\/1&#8243; el_position=&#8221;first last&#8221;]\n<h3 class=\"h3\" style=\"text-align: center;\">\u00c1rlista<\/h3>\n[\/spb_boxed_content] [spb_blank_spacer height=&#8221;30px&#8221; width=&#8221;1\/1&#8243; el_position=&#8221;first last&#8221;] [spb_raw_html width=&#8221;1\/1&#8243; el_position=&#8221;first last&#8221;]JTNDZGl2JTIwY2xhc3MlM0QlMjJ0YWJsZS13cmFwJTIwdGFibGUtcmVzcG9uc2l2ZSUyMGNvbC1tZC04JTIwY29sLW1kLW9mZnNldC0yJTIyJTNFJTBBJTIwJTIwJTNDdGFibGUlMjBjbGFzcyUzRCUyMnRhYmxlJTIwdGFibGUtc3RyaXBlZCUyMiUzRSUwQSUyMCUyMCUyMCUyMCUzQ3RoZWFkJTNFJTBBJTIwJTIwJTIwJTIwJTIwJTIwJTNDdHIlM0UlMEElMjAlMjAlMjAlMjAlMjAlMjAlMjAlMjAlM0N0aCUyMGNvbHNwYW4lM0QlMjI0JTIyJTNFSCVDNSVCMFQlQzUlOTBWRUwlMjBGRUxTWkVSRUxUJTIwU1pPQkElM0MlMkZ0aCUzRSUwQSUyMCUyMCUyMCUyMCUyMCUyMCUzQyUyRnRyJTNFJTBBJTIwJTIwJTIwJTIwJTNDJTJGdGhlYWQlM0UlMEElMjAlMjAlMjAlMjAlM0N0Ym9keSUzRSUwQSUyMCUyMCUyMCUyMCUyMCUyMCUzQ3RyJTNFJTBBJTIwJTIwJTIwJTIwJTIwJTIwJTIwJTIwJTNDdGQlM0UxLTEzJTIwJUMzJUE5anN6YWthJTNDJTJGdGQlM0UlMEElMjAlMjAlMjAlMjAlMjAlMjAlMjAlMjAlM0N0ZCUzRTYlMkMzNiUyMCVFMiU4MiVBQyUzQyUyRnRkJTNFJTBBJTIwJTIwJTIwJTIwJTIwJTIwJTIwJTIwJTNDdGQlM0UwJTJDNjQlMjAlRTIlODIlQUMlM0MlMkZ0ZCUzRSUwQSUyMCUyMCUyMCUyMCUyMCUyMCUyMCUyMCUzQ3RkJTIwY2xhc3MlM0QlMjJhY2NlbnQlMjIlM0U3JTJDMDAlMjAlRTIlODIlQUMlM0MlMkZ0ZCUzRSUwQSUyMCUyMCUyMCUyMCUyMCUyMCUzQyUyRnRyJTNFJTBBJTIwJTIwJTIwJTIwJTIwJTIwJTNDdHIlM0UlMEElMjAlMjAlMjAlMjAlMjAlMjAlMjAlMjAlM0N0ZCUzRTE0JTIwJUMzJUE5cyUyMHQlQzMlQjZiYiUyMCVDMyVBOWpzemFrYSUzQyUyRnRkJTNFJTBBJTIwJTIwJTIwJTIwJTIwJTIwJTIwJTIwJTNDdGQlM0U0JTJDNTUlMjAlRTIlODIlQUMlM0MlMkZ0ZCUzRSUwQSUyMCUyMCUyMCUyMCUyMCUyMCUyMCUyMCUzQ3RkJTNFMCUyQzQ1JTIwJUUyJTgyJUFDJTNDJTJGdGQlM0UlMEElMjAlMjAlMjAlMjAlMjAlMjAlMjAlMjAlM0N0ZCUyMGNsYXNzJTNEJTIyYWNjZW50JTIyJTNFNSUyQzAwJTIwJUUyJTgyJUFDJTNDJTJGdGQlM0UlMEElMjAlMjAlMjAlMjAlMjAlMjAlM0MlMkZ0ciUzRSUwQSUyMCUyMCUyMCUyMCUzQyUyRnRib2R5JTNFJTBBJTIwJTIwJTNDJTJGdGFibGUlM0UlMEElM0MlMkZkaXYlM0U=[\/spb_raw_html] [spb_blank_spacer height=&#8221;30px&#8221; width=&#8221;1\/1&#8243; el_position=&#8221;first last&#8221;] [spb_boxed_content type=&#8221;coloured&#8221; box_link_target=&#8221;_self&#8221; padding_vertical=&#8221;0&#8243; padding_horizontal=&#8221;0&#8243; width=&#8221;1\/1&#8243; el_position=&#8221;first last&#8221;]\n<p style=\"text-align: center;\">A sz\u00e1ll\u00e1sd\u00edjak \u00e1rlist\u00e1ja 2019. 1. 1.\u2013 t\u00f3l \u00e9rv\u00e9nyes.<br \/>\nA sz\u00e1ll\u00e1sd\u00edj a\u00a00,60 \u20ac\/f\u0151\/\u00e9jszaka \u00f6sszeg\u0171 helyi ad\u00f3t nem tartalmazza<br \/>\nA\u00a0sz\u00e1ll\u00f3 ter\u00fclet\u00e9n saj\u00e1t elektromos fogyaszt\u00f3k (TV, r\u00e1di\u00f3, k\u00e1v\u00e9f\u0151z\u0151 stb.) haszn\u00e1lata eset\u00e9n a\u00a0sz\u00e1ll\u00e1sd\u00edj nett\u00f3 0,35 \u20ac\/\u00e9jszaka \u00f6sszeggel emelkedik<\/p>\n[\/spb_boxed_content] [spb_blank_spacer height=&#8221;90px&#8221; width=&#8221;1\/1&#8243; el_position=&#8221;first last&#8221;] [\/spb_row] [spb_row element_name=&#8221;Row&#8221; wrap_type=&#8221;full-width-contained&#8221; row_bg_type=&#8221;color&#8221; row_bg_color=&#8221;#091927&#8243; color_row_height=&#8221;content-height&#8221; bg_type=&#8221;cover&#8221; parallax_image_height=&#8221;content-height&#8221; parallax_image_movement=&#8221;fixed&#8221; parallax_image_speed=&#8221;standard&#8221; bg_video_loop=&#8221;yes&#8221; parallax_video_height=&#8221;window-height&#8221; row_id=&#8221;kontakt&#8221; row_top_style=&#8221;none&#8221; row_bottom_style=&#8221;none&#8221; parallax_video_overlay=&#8221;none&#8221; row_overlay_opacity=&#8221;0&#8243; remove_element_spacing=&#8221;no&#8221; row_col_spacing=&#8221;0&#8243; row_col_pos=&#8221;default&#8221; row_col_equal_heights=&#8221;no&#8221; row_expanding=&#8221;no&#8221; row_animation=&#8221;none&#8221; row_animation_delay=&#8221;0&#8243; minimize_row=&#8221;no&#8221; simplified_controls=&#8221;yes&#8221; custom_css_percentage=&#8221;no&#8221; custom_css=&#8221;margin-top: 0px;margin-bottom: 0px;&#8221; border_styling_global=&#8221;default&#8221; width=&#8221;1\/1&#8243; el_position=&#8221;first last&#8221;] [spb_blank_spacer height=&#8221;90px&#8221; width=&#8221;1\/1&#8243; el_position=&#8221;first last&#8221;] [spb_column col_sm=&#8221;3&#8243; padding_horizontal=&#8221;0&#8243; width=&#8221;1\/4&#8243; el_position=&#8221;first&#8221;] [spb_gmaps size=&#8221;300&#8243; type=&#8221;roadmap&#8221; map_center_latitude=&#8221;48.148411&#8243; map_center_longitude=&#8221;17.877484&#8243; zoom=&#8221;16&#8243; map_controls=&#8221;no&#8221; advanced_styling=&#8221;no&#8221; saturation=&#8221;color&#8221; fullscreen=&#8221;no&#8221; width=&#8221;1\/1&#8243; el_position=&#8221;first last&#8221;] [spb_map_pin address=&#8221;Kuku\u010d\u00ednova 5, 92701 \u0160ala&#8221; pin_latitude=&#8221;48.1488853&#8243; pin_longitude=&#8221;17.876915000000054&#8243; width=&#8221;1\/1&#8243; el_position=&#8221;first last&#8221;] Click the edit button to change the map pin detail text. [\/spb_map_pin] [\/spb_gmaps] [\/spb_column] [spb_column col_sm=&#8221;3&#8243; padding_horizontal=&#8221;0&#8243; width=&#8221;1\/4&#8243;] [spb_boxed_content type=&#8221;coloured&#8221; box_link_target=&#8221;_self&#8221; padding_vertical=&#8221;0&#8243; padding_horizontal=&#8221;0&#8243; width=&#8221;1\/1&#8243; el_position=&#8221;first last&#8221;]\n<h4>A \u010cerven\u00fd k\u00fatik Sz\u00e1ll\u00f3<\/h4>\n<p>Kuku\u010d\u00ednova 4, 927 01 \u0160a\u013ea\u00a0<em>(V\u00e1gsellye, Szlov\u00e1kia),<\/em><br \/>\nel\u00e9rhet\u0151s\u00e9g: W\u00f6llnerov\u00e1 So\u0148a <a href=\"callto:+421 905 499 995\">+421 905 499 995<\/a><br \/>\nTelefonon \u00e9rdekl\u0151dni munkanapokon 7:30 \u2013 15:00 k\u00f6z\u00f6tt lehets\u00e9ges.<\/p>\n<p><a href=\"mailto:sona.wollnerova@menert.sk\">sona.wollnerova@menert.sk<\/a><\/p>\n[\/spb_boxed_content] [\/spb_column] [spb_column col_sm=&#8221;6&#8243; padding_horizontal=&#8221;0&#8243; width=&#8221;1\/2&#8243; el_position=&#8221;last&#8221;] [spb_boxed_content type=&#8221;coloured&#8221; box_link_target=&#8221;_self&#8221; padding_vertical=&#8221;0&#8243; padding_horizontal=&#8221;0&#8243; width=&#8221;1\/1&#8243; el_position=&#8221;first last&#8221;]\n<h4>Kapcsolatfelv\u00e9teli \u0171rlap<\/h4>\n\n<div class=\"wpcf7 no-js\" id=\"wpcf7-f273-o2\" lang=\"sk-SK\" dir=\"ltr\" data-wpcf7-id=\"273\">\n<div class=\"screen-reader-response\"><p role=\"status\" aria-live=\"polite\" aria-atomic=\"true\"><\/p> <ul><\/ul><\/div>\n<form action=\"\/hu\/wp-json\/wp\/v2\/pages\/114#wpcf7-f273-o2\" method=\"post\" class=\"wpcf7-form init\" aria-label=\"Kontaktn\u00fd formul\u00e1r\" novalidate=\"novalidate\" data-status=\"init\">\n<fieldset class=\"hidden-fields-container\"><input type=\"hidden\" name=\"_wpcf7\" value=\"273\" \/><input type=\"hidden\" name=\"_wpcf7_version\" value=\"6.1.3\" \/><input type=\"hidden\" name=\"_wpcf7_locale\" value=\"sk_SK\" \/><input type=\"hidden\" name=\"_wpcf7_unit_tag\" value=\"wpcf7-f273-o2\" \/><input type=\"hidden\" name=\"_wpcf7_container_post\" value=\"0\" \/><input type=\"hidden\" name=\"_wpcf7_posted_data_hash\" value=\"\" \/>\n<\/fieldset>\n<div class=\"row\">\n\t<div class=\"col-lg-6\">\n\t\t<p><span class=\"wpcf7-form-control-wrap\" data-name=\"meno-priezvisko\"><input size=\"40\" maxlength=\"400\" class=\"wpcf7-form-control wpcf7-text wpcf7-validates-as-required\" aria-required=\"true\" aria-invalid=\"false\" placeholder=\"Vezet\u00e9kn\u00e9v\" value=\"\" type=\"text\" name=\"meno-priezvisko\" \/><\/span><br \/>\n<span class=\"wpcf7-form-control-wrap\" data-name=\"predmet\"><input size=\"40\" maxlength=\"400\" class=\"wpcf7-form-control wpcf7-text\" aria-invalid=\"false\" placeholder=\"T\u00e9ma\" value=\"\" type=\"text\" name=\"predmet\" \/><\/span><br \/>\n<span class=\"wpcf7-form-control-wrap\" data-name=\"email\"><input size=\"40\" maxlength=\"400\" class=\"wpcf7-form-control wpcf7-email wpcf7-validates-as-required wpcf7-text wpcf7-validates-as-email\" aria-required=\"true\" aria-invalid=\"false\" placeholder=\"Email\" value=\"\" type=\"email\" name=\"email\" \/><\/span>\n\t\t<\/p>\n\t<\/div>\n\t<div class=\"col-lg-6\">\n\t\t<p><span class=\"wpcf7-form-control-wrap\" data-name=\"text-spravy\"><textarea cols=\"40\" rows=\"10\" maxlength=\"2000\" class=\"wpcf7-form-control wpcf7-textarea\" aria-invalid=\"false\" placeholder=\"\u00dczenet\" name=\"text-spravy\"><\/textarea><\/span>\n\t\t<\/p>\n\t\t<p><input class=\"wpcf7-form-control wpcf7-submit has-spinner\" type=\"submit\" value=\"\u00dczenet k\u00fcld\u00e9se\" \/>\n\t\t<\/p>\n\t<\/div>\n<\/div><div class=\"wpcf7-response-output\" aria-hidden=\"true\"><\/div>\n<\/form>\n<\/div>\n\n[\/spb_boxed_content] [\/spb_column] [\/spb_row]<\/p>","protected":false},"excerpt":{"rendered":"<p>[spb_swift_slider fullscreen=&#8221;false&#8221; maxheight=&#8221;600&#8243; slidecount=&#8221;5&#8243; category=&#8221;cervenykutik&#8221; random=&#8221;no&#8221; transition=&#8221;slide&#8221; loop=&#8221;false&#8221; nav=&#8221;false&#8221; pagination=&#8221;false&#8221; continue=&#8221;false&#8221; fullwidth=&#8221;yes&#8221; width=&#8221;1\/1&#8243; el_position=&#8221;first last&#8221;] [spb_row element_name=&#8221;Row&#8221; wrap_type=&#8221;full-width-contained&#8221; row_bg_type=&#8221;color&#8221; row_bg_color=&#8221;#edf0f5&#8243; color_row_height=&#8221;content-height&#8221; bg_type=&#8221;cover&#8221; parallax_image_height=&#8221;content-height&#8221; parallax_image_movement=&#8221;fixed&#8221; parallax_image_speed=&#8221;standard&#8221; bg_video_loop=&#8221;yes&#8221; parallax_video_height=&#8221;window-height&#8221; row_id=&#8221;poplar-content&#8221; row_top_style=&#8221;none&#8221; row_bottom_style=&#8221;none&#8221; parallax_video_overlay=&#8221;none&#8221; row_overlay_opacity=&#8221;0&#8243; remove_element_spacing=&#8221;no&#8221; row_col_spacing=&#8221;0&#8243; row_col_pos=&#8221;center&#8221; row_col_content_pos=&#8221;center&#8221; row_col_equal_heights=&#8221;yes&#8221; row_expanding=&#8221;no&#8221; row_animation=&#8221;none&#8221; row_animation_delay=&#8221;0&#8243; minimize_row=&#8221;no&#8221; simplified_controls=&#8221;yes&#8221; custom_css_percentage=&#8221;no&#8221; custom_css=&#8221;margin-top: 0px;margin-bottom: 0px;&#8221; border_styling_global=&#8221;default&#8221; width=&#8221;1\/1&#8243; el_position=&#8221;first last&#8221;] [spb_column col_sm=&#8221;6&#8243; padding_horizontal=&#8221;0&#8243; width=&#8221;1\/2&#8243; el_position=&#8221;first&#8221;] [spb_boxed_content type=&#8221;coloured&#8221; box_link_target=&#8221;_self&#8221; padding_vertical=&#8221;0&#8243; padding_horizontal=&#8221;0&#8243; [&hellip;]<\/p>\n","protected":false},"author":1,"featured_media":0,"parent":0,"menu_order":0,"comment_status":"closed","ping_status":"closed","template":"","meta":{"footnotes":""},"class_list":["post-114","page","type-page","status-publish","hentry"],"_links":{"self":[{"href":"https:\/\/poplar.sk\/hu\/wp-json\/wp\/v2\/pages\/114","targetHints":{"allow":["GET"]}}],"collection":[{"href":"https:\/\/poplar.sk\/hu\/wp-json\/wp\/v2\/pages"}],"about":[{"href":"https:\/\/poplar.sk\/hu\/wp-json\/wp\/v2\/types\/page"}],"author":[{"embeddable":true,"href":"https:\/\/poplar.sk\/hu\/wp-json\/wp\/v2\/users\/1"}],"replies":[{"embeddable":true,"href":"https:\/\/poplar.sk\/hu\/wp-json\/wp\/v2\/comments?post=114"}],"version-history":[{"count":26,"href":"https:\/\/poplar.sk\/hu\/wp-json\/wp\/v2\/pages\/114\/revisions"}],"predecessor-version":[{"id":590,"href":"https:\/\/poplar.sk\/hu\/wp-json\/wp\/v2\/pages\/114\/revisions\/590"}],"wp:attachment":[{"href":"https:\/\/poplar.sk\/hu\/wp-json\/wp\/v2\/media?parent=114"}],"curies":[{"name":"wp","href":"https:\/\/api.w.org\/{rel}","templated":true}]}}