{"id":33,"date":"2018-10-23T15:26:29","date_gmt":"2018-10-23T13:26:29","guid":{"rendered":"http:\/\/poplar.sk\/?page_id=33"},"modified":"2024-10-04T08:47:39","modified_gmt":"2024-10-04T06:47:39","slug":"ubytovanie-poplar-a-cerveny-kutik","status":"publish","type":"page","link":"https:\/\/poplar.sk\/en\/","title":{"rendered":"Ubytovanie Poplar a \u010cerven\u00fd k\u00fatik"},"content":{"rendered":"<p>[spb_row element_name=&#8221;Row&#8221; wrap_type=&#8221;full-width-stretch&#8221; row_bg_type=&#8221;color&#8221; color_row_height=&#8221;content-height&#8221; bg_type=&#8221;cover&#8221; parallax_image_height=&#8221;content-height&#8221; parallax_image_movement=&#8221;fixed&#8221; parallax_image_speed=&#8221;standard&#8221; bg_video_loop=&#8221;yes&#8221; parallax_video_height=&#8221;window-height&#8221; row_id=&#8221;home-up&#8221; row_top_style=&#8221;none&#8221; row_bottom_style=&#8221;none&#8221; parallax_video_overlay=&#8221;none&#8221; row_overlay_opacity=&#8221;0&#8243; remove_element_spacing=&#8221;no&#8221; row_col_spacing=&#8221;0&#8243; row_col_pos=&#8221;default&#8221; row_col_equal_heights=&#8221;no&#8221; row_expanding=&#8221;no&#8221; row_animation=&#8221;none&#8221; row_animation_delay=&#8221;0&#8243; minimize_row=&#8221;no&#8221; simplified_controls=&#8221;yes&#8221; custom_css_percentage=&#8221;no&#8221; custom_css=&#8221;margin-top: 0px;margin-bottom: 0px;&#8221; border_styling_global=&#8221;default&#8221; width=&#8221;1\/1&#8243; el_position=&#8221;first last&#8221;] [spb_image_banner image=&#8221;334&#8243; image_size=&#8221;full&#8221; content_pos=&#8221;center&#8221; content_textalign=&#8221;center&#8221; animation=&#8221;none&#8221; animation_delay=&#8221;200&#8243; link_target=&#8221;_self&#8221; width=&#8221;1\/1&#8243; el_position=&#8221;first last&#8221;]\n<p><img loading=\"lazy\" decoding=\"async\" class=\"size-full wp-image-292 aligncenter\" src=\"http:\/\/poplar.sk\/wp-content\/uploads\/2018\/12\/logo-small.png\" alt=\"\" width=\"191\" height=\"191\" srcset=\"https:\/\/poplar.sk\/wp-content\/uploads\/2018\/12\/logo-small.png 191w, https:\/\/poplar.sk\/wp-content\/uploads\/2018\/12\/logo-small-150x150.png 150w\" sizes=\"auto, (max-width: 191px) 100vw, 191px\" \/><\/p>\n<h2 style=\"text-align: center;\">Convenient accommodation<\/h2>\n<h3 style=\"text-align: center;\">in a center of town \u0160a\u013ea<\/h3>\n<p style=\"text-align: center;\"><a href=\"http:\/\/poplar.sk\/sk\"><img loading=\"lazy\" decoding=\"async\" class=\"lang alignnone wp-image-294 size-full\" src=\"http:\/\/poplar.sk\/wp-content\/uploads\/2018\/12\/sk.png\" alt=\"\" width=\"18\" height=\"12\" \/><\/a> <a href=\"http:\/\/poplar.sk\/en\"><img loading=\"lazy\" decoding=\"async\" class=\"lang alignnone wp-image-295 size-full\" src=\"http:\/\/poplar.sk\/wp-content\/uploads\/2018\/12\/en.png\" alt=\"\" width=\"18\" height=\"12\" \/><\/a> <a href=\"http:\/\/poplar.sk\/hu\"><img loading=\"lazy\" decoding=\"async\" class=\"lang alignnone wp-image-296 size-full\" src=\"http:\/\/poplar.sk\/wp-content\/uploads\/2018\/12\/hu.png\" alt=\"\" width=\"18\" height=\"12\" \/><\/a><\/p>\n<p class=\"home-copy\" style=\"text-align: center; color: #ffffff; font-size: 14px; font-weight: 500;\">2018 \u00a9 SIDDHA spol. s r.o. |\u00a0All rights reserved<\/p>\n[\/spb_image_banner] [\/spb_row] [spb_row element_name=&#8221;Row&#8221; wrap_type=&#8221;full-width-stretch&#8221; row_bg_type=&#8221;color&#8221; color_row_height=&#8221;content-height&#8221; bg_type=&#8221;cover&#8221; parallax_image_height=&#8221;content-height&#8221; parallax_image_movement=&#8221;fixed&#8221; parallax_image_speed=&#8221;standard&#8221; bg_video_loop=&#8221;yes&#8221; parallax_video_height=&#8221;window-height&#8221; row_id=&#8221;home-down&#8221; row_top_style=&#8221;none&#8221; row_bottom_style=&#8221;none&#8221; parallax_video_overlay=&#8221;none&#8221; row_overlay_opacity=&#8221;0&#8243; remove_element_spacing=&#8221;no&#8221; row_col_spacing=&#8221;0&#8243; row_col_pos=&#8221;default&#8221; row_col_equal_heights=&#8221;no&#8221; row_expanding=&#8221;no&#8221; row_animation=&#8221;none&#8221; row_animation_delay=&#8221;0&#8243; minimize_row=&#8221;no&#8221; simplified_controls=&#8221;yes&#8221; custom_css_percentage=&#8221;no&#8221; custom_css=&#8221;margin-top: 0px;margin-bottom: 0px;&#8221; border_styling_global=&#8221;default&#8221; width=&#8221;1\/1&#8243; el_position=&#8221;first last&#8221;] [spb_image_banner image=&#8221;335&#8243; image_size=&#8221;full&#8221; content_pos=&#8221;center&#8221; content_textalign=&#8221;center&#8221; animation=&#8221;none&#8221; animation_delay=&#8221;200&#8243; image_link=&#8221;http:\/\/poplar.sk\/en\/ubytovna-poplar&#8221; link_target=&#8221;_self&#8221; width=&#8221;1\/2&#8243; el_position=&#8221;first&#8221;]\n<h3 style=\"text-align: center;\">Poplar Lodging House<\/h3>\n<a class=\"sf-button standard accent default  sf-button-rounded\" href=\"http:\/\/poplar.sk\/en\/ubytovna-poplar\" target=\"_self\" rel=\"\"><span class=\"text\">Enter the site<\/span><\/a>\n[\/spb_image_banner] [spb_image_banner image=&#8221;336&#8243; image_size=&#8221;full&#8221; content_pos=&#8221;center&#8221; content_textalign=&#8221;center&#8221; animation=&#8221;none&#8221; animation_delay=&#8221;200&#8243; image_link=&#8221;http:\/\/poplar.sk\/en\/ubytovna-cerveny-kutik&#8221; link_target=&#8221;_self&#8221; width=&#8221;1\/2&#8243; el_position=&#8221;last&#8221;]\n<h3 style=\"text-align: center;\">\u010cerven\u00fd k\u00fatik Lodging House<\/h3>\n<a class=\"sf-button standard accent default  sf-button-rounded\" href=\"http:\/\/poplar.sk\/en\/ubytovna-cerveny-kutik\" target=\"_self\" rel=\"\"><span class=\"text\">Enter the site<\/span><\/a>\n[\/spb_image_banner] [\/spb_row]<\/p>","protected":false},"excerpt":{"rendered":"<p>[spb_row element_name=&#8221;Row&#8221; wrap_type=&#8221;full-width-stretch&#8221; row_bg_type=&#8221;color&#8221; color_row_height=&#8221;content-height&#8221; bg_type=&#8221;cover&#8221; parallax_image_height=&#8221;content-height&#8221; parallax_image_movement=&#8221;fixed&#8221; parallax_image_speed=&#8221;standard&#8221; bg_video_loop=&#8221;yes&#8221; parallax_video_height=&#8221;window-height&#8221; row_id=&#8221;home-up&#8221; row_top_style=&#8221;none&#8221; row_bottom_style=&#8221;none&#8221; parallax_video_overlay=&#8221;none&#8221; row_overlay_opacity=&#8221;0&#8243; remove_element_spacing=&#8221;no&#8221; row_col_spacing=&#8221;0&#8243; row_col_pos=&#8221;default&#8221; row_col_equal_heights=&#8221;no&#8221; row_expanding=&#8221;no&#8221; row_animation=&#8221;none&#8221; row_animation_delay=&#8221;0&#8243; minimize_row=&#8221;no&#8221; simplified_controls=&#8221;yes&#8221; custom_css_percentage=&#8221;no&#8221; custom_css=&#8221;margin-top: 0px;margin-bottom: 0px;&#8221; border_styling_global=&#8221;default&#8221; width=&#8221;1\/1&#8243; el_position=&#8221;first last&#8221;] [spb_image_banner image=&#8221;334&#8243; image_size=&#8221;full&#8221; content_pos=&#8221;center&#8221; content_textalign=&#8221;center&#8221; animation=&#8221;none&#8221; animation_delay=&#8221;200&#8243; link_target=&#8221;_self&#8221; width=&#8221;1\/1&#8243; el_position=&#8221;first last&#8221;] Convenient accommodation in a center of town \u0160a\u013ea 2018 \u00a9 SIDDHA spol. s r.o. |\u00a0All rights [&hellip;]<\/p>\n","protected":false},"author":1,"featured_media":0,"parent":0,"menu_order":0,"comment_status":"closed","ping_status":"closed","template":"","meta":{"footnotes":""},"class_list":["post-33","page","type-page","status-publish","hentry"],"_links":{"self":[{"href":"https:\/\/poplar.sk\/en\/wp-json\/wp\/v2\/pages\/33","targetHints":{"allow":["GET"]}}],"collection":[{"href":"https:\/\/poplar.sk\/en\/wp-json\/wp\/v2\/pages"}],"about":[{"href":"https:\/\/poplar.sk\/en\/wp-json\/wp\/v2\/types\/page"}],"author":[{"embeddable":true,"href":"https:\/\/poplar.sk\/en\/wp-json\/wp\/v2\/users\/1"}],"replies":[{"embeddable":true,"href":"https:\/\/poplar.sk\/en\/wp-json\/wp\/v2\/comments?post=33"}],"version-history":[{"count":9,"href":"https:\/\/poplar.sk\/en\/wp-json\/wp\/v2\/pages\/33\/revisions"}],"predecessor-version":[{"id":622,"href":"https:\/\/poplar.sk\/en\/wp-json\/wp\/v2\/pages\/33\/revisions\/622"}],"wp:attachment":[{"href":"https:\/\/poplar.sk\/en\/wp-json\/wp\/v2\/media?parent=33"}],"curies":[{"name":"wp","href":"https:\/\/api.w.org\/{rel}","templated":true}]}}